{"id":18,"date":"2023-08-24T22:32:30","date_gmt":"2023-08-25T01:32:30","guid":{"rendered":"http:\/\/nauticheck.com.ar\/?page_id=18"},"modified":"2023-09-04T21:14:00","modified_gmt":"2023-09-05T00:14:00","slug":"portfolio","status":"publish","type":"page","link":"https:\/\/nauticheck.com.ar\/?page_id=18","title":{"rendered":"Servicios"},"content":{"rendered":"\n<div class=\"wp-block-cover alignfull has-medium-font-size\" style=\"min-height:50px\"><span aria-hidden=\"true\" class=\"wp-block-cover__background has-custom-1-background-color has-background-dim-100 has-background-dim\"><\/span><div class=\"wp-block-cover__inner-container is-layout-constrained wp-block-cover-is-layout-constrained\">\n<div style=\"height:7px\" aria-hidden=\"true\" class=\"wp-block-spacer\"><\/div>\n\n\n\n<div style=\"height:31px\" aria-hidden=\"true\" class=\"wp-block-spacer\"><\/div>\n\n\n\n<p class=\"has-text-align-center has-large-font-size\">Servicios<\/p>\n<\/div><\/div>\n\n\n\n<div class=\"wp-block-cover alignfull has-parallax\" style=\"min-height:410px\"><span aria-hidden=\"true\" class=\"wp-block-cover__background has-background-dim\"><\/span><div role=\"img\" class=\"wp-block-cover__image-background wp-image-639 has-parallax\" style=\"background-position:50% 50%;background-image:url(https:\/\/nauticheck.com.ar\/wp-content\/uploads\/2023\/09\/principal-servicio.jpg)\"><\/div><div class=\"wp-block-cover__inner-container is-layout-constrained wp-block-cover-is-layout-constrained\">\n<p class=\"has-text-align-center has-large-font-size\"><\/p>\n<\/div><\/div>\n\n\n\n<div class=\"wp-block-columns is-layout-flex wp-container-6 wp-block-columns-is-layout-flex\">\n<div class=\"wp-block-column is-layout-flow wp-block-column-is-layout-flow\"><div class=\"wp-block-image is-style-default\">\n<figure class=\"alignright size-large is-resized\"><img decoding=\"async\" loading=\"lazy\" src=\"https:\/\/nauticheck.com.ar\/wp-content\/uploads\/2023\/09\/BANNER-576x1024.jpg\" alt=\"\" class=\"wp-image-750\" style=\"object-fit:cover;width:638px;height:1135px\" width=\"638\" height=\"1135\" srcset=\"https:\/\/nauticheck.com.ar\/wp-content\/uploads\/2023\/09\/BANNER-576x1024.jpg 576w, https:\/\/nauticheck.com.ar\/wp-content\/uploads\/2023\/09\/BANNER-169x300.jpg 169w, https:\/\/nauticheck.com.ar\/wp-content\/uploads\/2023\/09\/BANNER-768x1365.jpg 768w, https:\/\/nauticheck.com.ar\/wp-content\/uploads\/2023\/09\/BANNER-864x1536.jpg 864w, https:\/\/nauticheck.com.ar\/wp-content\/uploads\/2023\/09\/BANNER.jpg 900w\" sizes=\"(max-width: 638px) 100vw, 638px\" \/><\/figure><\/div><\/div>\n\n\n\n<div class=\"wp-block-column is-vertically-aligned-top has-medium-font-size is-layout-flow wp-block-column-is-layout-flow\">\n<p><\/p>\n\n\n\n<div class=\"wp-block-group has-medium-font-size is-vertical is-layout-flex wp-container-4 wp-block-group-is-layout-flex\">\n<p class=\"has-text-align-left has-medium-font-size\">                                                               <strong>Nuestros Servicios : <\/strong><\/p>\n\n\n\n<p class=\"has-text-align-left has-medium-font-size\">     <strong><em>Mantenimiento preventivo<\/em><\/strong> : <\/p>\n\n\n\n<ul>\n<li>Cambio de aceite y filtros en motores  principales, internos \u00f3 fuera de borda y grupos electr\u00f3genos.<\/li>\n\n\n\n<li>Revisi\u00f3n y cambio de rotores  de bombas de agua.<\/li>\n\n\n\n<li>Revisi\u00f3n y cambio de l\u00edquidos refrigerantes.<\/li>\n\n\n\n<li>Cambio de aceite de pata de motor fuera y dentro de borda.<\/li>\n\n\n\n<li>Control y estado de Bater\u00edas.<\/li>\n\n\n\n<li>Cambio de \u00e1nodos de sacrificio.<\/li>\n\n\n\n<li>Escaneo de motores.<\/li>\n\n\n\n<li>Limpieza y mantenimiento de teca.<\/li>\n\n\n\n<li>Pintura de fondo y casco.<\/li>\n\n\n\n<li>Electricidad Naval.<\/li>\n\n\n\n<li>Electr\u00f3nica Naval.<\/li>\n\n\n\n<li>Herrer\u00eda en acero Inoxidable. <\/li>\n\n\n\n<li>Instalaci\u00f3n de aire acondicionado.<\/li>\n\n\n\n<li>Instalaci\u00f3n de equipos de audio y potencia.<\/li>\n<\/ul>\n\n\n\n<p class=\"has-text-align-left\"><\/p>\n\n\n\n<p class=\"has-text-align-left has-medium-font-size\"><strong><em>\u00bf <\/em>Vas a comprar una embarcaci\u00f3n usada<em>?<\/em><\/strong><\/p>\n\n\n\n<p class=\"has-text-align-left has-medium-font-size\"><strong><em>Te brindamos el servicio de auditoria.<\/em><\/strong><\/p>\n\n\n\n<ul>\n<li>Verificaci\u00f3n.<\/li>\n\n\n\n<li>Cascos.<\/li>\n\n\n\n<li>Motores Principales.<\/li>\n\n\n\n<li>Equipamiento (Sistema de reparaci\u00f3n, Grupo electr\u00f3genos, Bancos de Bater\u00eda).<\/li>\n\n\n\n<li>Funcionamiento de las COI.<\/li>\n<\/ul>\n<\/div>\n\n\n\n<p><strong><em>Te brindamos un Informe Detallado, de cada uno de los componentes de la embarcaci\u00f3n. Te ayudamos a que verifiques tu embarcaci\u00f3n antes de adquirirla, evita gastos de reparaciones innecesarias.<\/em><\/strong><\/p>\n<\/div>\n<\/div>\n\n\n\n<div class=\"wp-block-cover is-light has-parallax\" style=\"min-height:292px\"><span aria-hidden=\"true\" class=\"wp-block-cover__background has-background-dim\"><\/span><div role=\"img\" class=\"wp-block-cover__image-background wp-image-756 has-parallax\" style=\"background-position:50% 50%;background-image:url(http:\/\/nauticheck.com.ar\/wp-content\/uploads\/2023\/09\/WhatsApp-Image-2023-09-01-at-20.06.07-2.jpeg)\"><\/div><div class=\"wp-block-cover__inner-container is-layout-constrained wp-block-cover-is-layout-constrained\">\n<p class=\"has-text-align-center has-large-font-size\"><\/p>\n<\/div><\/div>\n\n\n<div class=\"wp-block-image\">\n<figure class=\"aligncenter size-full is-resized\"><img decoding=\"async\" loading=\"lazy\" src=\"http:\/\/nauticheck.com.ar\/wp-content\/uploads\/2023\/09\/logo-ppn.png\" alt=\"\" class=\"wp-image-524\" style=\"object-fit:cover;width:120px;height:120px\" width=\"120\" height=\"120\" srcset=\"https:\/\/nauticheck.com.ar\/wp-content\/uploads\/2023\/09\/logo-ppn.png 1000w, https:\/\/nauticheck.com.ar\/wp-content\/uploads\/2023\/09\/logo-ppn-300x300.png 300w, https:\/\/nauticheck.com.ar\/wp-content\/uploads\/2023\/09\/logo-ppn-150x150.png 150w, https:\/\/nauticheck.com.ar\/wp-content\/uploads\/2023\/09\/logo-ppn-768x768.png 768w\" sizes=\"(max-width: 120px) 100vw, 120px\" \/><\/figure><\/div>","protected":false},"excerpt":{"rendered":"<p>Nuestros Servicios : Mantenimiento preventivo : \u00bf Vas a comprar una embarcaci\u00f3n usada? Te brindamos el servicio de auditoria. Te brindamos un Informe Detallado, de cada uno de los componentes de la embarcaci\u00f3n. Te ayudamos a que verifiques tu embarcaci\u00f3n antes de adquirirla, evita gastos de reparaciones innecesarias.<\/p>\n","protected":false},"author":1,"featured_media":0,"parent":0,"menu_order":0,"comment_status":"closed","ping_status":"closed","template":"","meta":{"om_disable_all_campaigns":false,"neve_meta_sidebar":"","neve_meta_container":"","neve_meta_enable_content_width":"on","neve_meta_content_width":100,"neve_meta_title_alignment":"","neve_meta_author_avatar":"","neve_post_elements_order":"","neve_meta_disable_header":"","neve_meta_disable_footer":"","neve_meta_disable_title":"on","footnotes":"","_joinchat":[]},"aioseo_notices":[],"_links":{"self":[{"href":"https:\/\/nauticheck.com.ar\/index.php?rest_route=\/wp\/v2\/pages\/18"}],"collection":[{"href":"https:\/\/nauticheck.com.ar\/index.php?rest_route=\/wp\/v2\/pages"}],"about":[{"href":"https:\/\/nauticheck.com.ar\/index.php?rest_route=\/wp\/v2\/types\/page"}],"author":[{"embeddable":true,"href":"https:\/\/nauticheck.com.ar\/index.php?rest_route=\/wp\/v2\/users\/1"}],"replies":[{"embeddable":true,"href":"https:\/\/nauticheck.com.ar\/index.php?rest_route=%2Fwp%2Fv2%2Fcomments&post=18"}],"version-history":[{"count":65,"href":"https:\/\/nauticheck.com.ar\/index.php?rest_route=\/wp\/v2\/pages\/18\/revisions"}],"predecessor-version":[{"id":759,"href":"https:\/\/nauticheck.com.ar\/index.php?rest_route=\/wp\/v2\/pages\/18\/revisions\/759"}],"wp:attachment":[{"href":"https:\/\/nauticheck.com.ar\/index.php?rest_route=%2Fwp%2Fv2%2Fmedia&parent=18"}],"curies":[{"name":"wp","href":"https:\/\/api.w.org\/{rel}","templated":true}]}}