{"id":15,"date":"2023-08-24T22:32:30","date_gmt":"2023-08-25T01:32:30","guid":{"rendered":"http:\/\/nauticheck.com.ar\/?page_id=15"},"modified":"2023-09-04T18:49:02","modified_gmt":"2023-09-04T21:49:02","slug":"inicio","status":"publish","type":"page","link":"https:\/\/nauticheck.com.ar\/","title":{"rendered":"Inicio"},"content":{"rendered":"\n<div style=\"height:0px\" aria-hidden=\"true\" class=\"wp-block-spacer\"><\/div>\n\n\n\n\n\n\n\n<div style=\"height:0px\" aria-hidden=\"true\" class=\"wp-block-spacer\"><\/div>\n\n\n<div class=\"wp-block-image\">\n<figure class=\"aligncenter size-full is-resized\"><img decoding=\"async\" loading=\"lazy\" src=\"http:\/\/nauticheck.com.ar\/wp-content\/uploads\/2023\/09\/logo-ppn.png\" alt=\"\" class=\"wp-image-524\" style=\"width:120px;height:120px\" width=\"120\" height=\"120\" srcset=\"https:\/\/nauticheck.com.ar\/wp-content\/uploads\/2023\/09\/logo-ppn.png 1000w, https:\/\/nauticheck.com.ar\/wp-content\/uploads\/2023\/09\/logo-ppn-300x300.png 300w, https:\/\/nauticheck.com.ar\/wp-content\/uploads\/2023\/09\/logo-ppn-150x150.png 150w, https:\/\/nauticheck.com.ar\/wp-content\/uploads\/2023\/09\/logo-ppn-768x768.png 768w\" sizes=\"(max-width: 120px) 100vw, 120px\" \/><\/figure><\/div>\n\n\n<div style=\"height:0px\" aria-hidden=\"true\" class=\"wp-block-spacer\"><\/div>\n\n\n\n<div class=\"wp-block-cover alignfull has-nv-light-bg-color has-text-color\" style=\"min-height:629px\"><span aria-hidden=\"true\" class=\"wp-block-cover__background has-custom-1-background-color has-background-dim-100 has-background-dim\"><\/span><div class=\"wp-block-cover__inner-container is-layout-flow wp-block-cover-is-layout-flow\">\n<div class=\"wp-block-group is-layout-flow wp-block-group-is-layout-flow\"><div class=\"wp-block-group__inner-container\">\n<div class=\"wp-block-columns alignwide are-vertically-aligned-center is-layout-flex wp-container-9 wp-block-columns-is-layout-flex\">\n<div class=\"wp-block-column is-vertically-aligned-center is-layout-flow wp-block-column-is-layout-flow\" style=\"flex-basis:50%\"><div class=\"wp-block-image is-style-default\">\n<figure class=\"alignright size-large is-resized\"><img decoding=\"async\" loading=\"lazy\" src=\"https:\/\/nauticheck.com.ar\/wp-content\/uploads\/2023\/09\/nueva-dd01-1024x576.png\" alt=\"\" class=\"wp-image-697\" style=\"object-fit:contain;width:554px;height:312px\" width=\"554\" height=\"312\" srcset=\"https:\/\/nauticheck.com.ar\/wp-content\/uploads\/2023\/09\/nueva-dd01-1024x576.png 1024w, https:\/\/nauticheck.com.ar\/wp-content\/uploads\/2023\/09\/nueva-dd01-300x169.png 300w, https:\/\/nauticheck.com.ar\/wp-content\/uploads\/2023\/09\/nueva-dd01-768x432.png 768w, https:\/\/nauticheck.com.ar\/wp-content\/uploads\/2023\/09\/nueva-dd01-1536x864.png 1536w, https:\/\/nauticheck.com.ar\/wp-content\/uploads\/2023\/09\/nueva-dd01.png 1920w\" sizes=\"(max-width: 554px) 100vw, 554px\" \/><\/figure><\/div><\/div>\n\n\n\n<div class=\"wp-block-column is-vertically-aligned-center is-layout-flow wp-block-column-is-layout-flow\" style=\"flex-basis:50%\">\n<div style=\"height:20px\" aria-hidden=\"true\" class=\"wp-block-spacer\"><\/div>\n\n\n\n<div class=\"wp-block-buttons is-content-justification-right is-layout-flex wp-container-2 wp-block-buttons-is-layout-flex\"><\/div>\n\n\n\n<div class=\"wp-block-group is-vertical is-layout-flex wp-container-7 wp-block-group-is-layout-flex\">\n<div class=\"wp-block-group is-vertical is-layout-flex wp-container-6 wp-block-group-is-layout-flex\">\n<h2 class=\"wp-block-heading has-text-align-left has-nv-light-bg-color has-text-color\">Sobre Nosotros<\/h2>\n\n\n\n<div class=\"wp-block-group is-vertical is-content-justification-center is-layout-flex wp-container-5 wp-block-group-is-layout-flex\">\n<div class=\"wp-block-group is-content-justification-space-between is-nowrap is-layout-flex wp-container-4 wp-block-group-is-layout-flex\">\n<div class=\"wp-block-group is-nowrap is-layout-flex wp-container-3 wp-block-group-is-layout-flex\">\n<p class=\"has-text-align-left\">      NAUTICHECK est\u00e1  dirigido por un Ingeniero Naval con amplia experiencia en servicios reparaci\u00f3n integral, auditor\u00eda,  desarrollo especiales en cascos y reparaci\u00f3n de motores fuera de borda e internos,  ofreciendo un servicio orientado al cliente brindando confianza y seguridad.<\/p>\n<\/div>\n<\/div>\n<\/div>\n<\/div>\n\n\n\n<p> <\/p>\n<\/div>\n<\/div>\n<\/div>\n<\/div><\/div>\n<\/div><\/div>\n\n\n\n<div class=\"wp-block-cover alignfull is-light\" style=\"min-height:80px\"><span aria-hidden=\"true\" class=\"wp-block-cover__background has-background-dim-0 has-background-dim\"><\/span><img decoding=\"async\" loading=\"lazy\" width=\"1300\" height=\"180\" class=\"wp-block-cover__image-background wp-image-722\" alt=\"\" src=\"https:\/\/nauticheck.com.ar\/wp-content\/uploads\/2023\/09\/linea-def02.jpg\" data-object-fit=\"cover\" srcset=\"https:\/\/nauticheck.com.ar\/wp-content\/uploads\/2023\/09\/linea-def02.jpg 1300w, https:\/\/nauticheck.com.ar\/wp-content\/uploads\/2023\/09\/linea-def02-300x42.jpg 300w, https:\/\/nauticheck.com.ar\/wp-content\/uploads\/2023\/09\/linea-def02-1024x142.jpg 1024w, https:\/\/nauticheck.com.ar\/wp-content\/uploads\/2023\/09\/linea-def02-768x106.jpg 768w\" sizes=\"(max-width: 1300px) 100vw, 1300px\" \/><div class=\"wp-block-cover__inner-container is-layout-constrained wp-block-cover-is-layout-constrained\">\n<div style=\"height:0px\" aria-hidden=\"true\" class=\"wp-block-spacer\"><\/div>\n\n\n\n<div style=\"height:0px\" aria-hidden=\"true\" class=\"wp-block-spacer\"><\/div>\n\n\n\n<p class=\"has-text-align-center has-large-font-size\"><\/p>\n<\/div><\/div>\n\n\n\n<div class=\"wp-block-cover alignfull\" style=\"min-height:437px\"><span aria-hidden=\"true\" class=\"wp-block-cover__background has-nv-site-bg-background-color has-background-dim-100 has-background-dim\"><\/span><div class=\"wp-block-cover__inner-container is-layout-flow wp-block-cover-is-layout-flow\">\n<div class=\"wp-block-group is-layout-flow wp-block-group-is-layout-flow\"><div class=\"wp-block-group__inner-container\">\n<div class=\"wp-block-columns alignwide are-vertically-aligned-center is-layout-flex wp-container-17 wp-block-columns-is-layout-flex\">\n<div class=\"wp-block-column is-vertically-aligned-center has-x-large-font-size is-layout-flow wp-block-column-is-layout-flow\" style=\"flex-basis:50%\">\n<div class=\"wp-block-group is-vertical is-layout-flex wp-container-13 wp-block-group-is-layout-flex\">\n<h2 class=\"wp-block-heading has-text-align-left has-neve-text-color-color has-text-color\"> Nuestra Misi\u00f3n<\/h2>\n\n\n\n<p class=\"has-text-align-left has-neve-text-color-color has-text-color\" style=\"font-size:17px\">Nuestra Misi\u00f3n es avanzar en el desarrollo de la n\u00e1utica al ofrecer un servicio \u00f3ptimo, de calidad para todos nuestros clientes. Nos comprometemos a brindar una atenci\u00f3n de excelencia en auditor\u00eda, reparaci\u00f3n integral y desarrollos especializados en motores y cascos, tanto fuera de borda como internos, a nivel nacional y en Uruguay .<\/p>\n<\/div>\n\n\n\n<div class=\"wp-block-buttons is-content-justification-center is-layout-flex wp-container-14 wp-block-buttons-is-layout-flex\"><\/div>\n\n\n\n<div style=\"height:40px\" aria-hidden=\"true\" class=\"wp-block-spacer\"><\/div>\n<\/div>\n\n\n\n<div class=\"wp-block-column is-vertically-aligned-center is-layout-flow wp-block-column-is-layout-flow\" style=\"flex-basis:50%\">\n<figure class=\"wp-block-image size-large is-resized is-style-default\"><img decoding=\"async\" loading=\"lazy\" src=\"https:\/\/nauticheck.com.ar\/wp-content\/uploads\/2023\/09\/sin-fondo-001-1024x576.png\" alt=\"\" class=\"wp-image-572\" style=\"object-fit:contain;width:554px;height:310px\" width=\"554\" height=\"310\"\/><\/figure>\n<\/div>\n<\/div>\n<\/div><\/div>\n<\/div><\/div>\n\n\n\n<div class=\"wp-block-cover alignfull is-light\" style=\"min-height:80px\"><span aria-hidden=\"true\" class=\"wp-block-cover__background has-background-dim-0 has-background-dim\"><\/span><img decoding=\"async\" loading=\"lazy\" width=\"1300\" height=\"180\" class=\"wp-block-cover__image-background wp-image-737\" alt=\"\" src=\"https:\/\/nauticheck.com.ar\/wp-content\/uploads\/2023\/09\/LINEA-P3.jpg\" data-object-fit=\"cover\" srcset=\"https:\/\/nauticheck.com.ar\/wp-content\/uploads\/2023\/09\/LINEA-P3.jpg 1300w, https:\/\/nauticheck.com.ar\/wp-content\/uploads\/2023\/09\/LINEA-P3-300x42.jpg 300w, https:\/\/nauticheck.com.ar\/wp-content\/uploads\/2023\/09\/LINEA-P3-1024x142.jpg 1024w, https:\/\/nauticheck.com.ar\/wp-content\/uploads\/2023\/09\/LINEA-P3-768x106.jpg 768w\" sizes=\"(max-width: 1300px) 100vw, 1300px\" \/><div class=\"wp-block-cover__inner-container is-layout-constrained wp-block-cover-is-layout-constrained\">\n<p class=\"has-text-align-center has-large-font-size\"><\/p>\n<\/div><\/div>\n\n\n\n<div class=\"wp-block-cover alignfull has-nv-light-bg-color has-text-color\" style=\"min-height:629px\"><span aria-hidden=\"true\" class=\"wp-block-cover__background has-custom-1-background-color has-background-dim-100 has-background-dim\"><\/span><div class=\"wp-block-cover__inner-container is-layout-flow wp-block-cover-is-layout-flow\">\n<div class=\"wp-block-group is-layout-flow wp-block-group-is-layout-flow\"><div class=\"wp-block-group__inner-container\">\n<div class=\"wp-block-columns alignwide are-vertically-aligned-center is-layout-flex wp-container-29 wp-block-columns-is-layout-flex\">\n<div class=\"wp-block-column is-vertically-aligned-center is-layout-flow wp-block-column-is-layout-flow\" style=\"flex-basis:50%\"><div class=\"wp-block-image is-style-default\">\n<figure class=\"alignright size-large is-resized\"><img decoding=\"async\" loading=\"lazy\" src=\"https:\/\/nauticheck.com.ar\/wp-content\/uploads\/2023\/09\/sin-fondo-003-1024x576.png\" alt=\"\" class=\"wp-image-573\" style=\"object-fit:contain;width:554px;height:312px\" width=\"554\" height=\"312\" srcset=\"https:\/\/nauticheck.com.ar\/wp-content\/uploads\/2023\/09\/sin-fondo-003-1024x576.png 1024w, https:\/\/nauticheck.com.ar\/wp-content\/uploads\/2023\/09\/sin-fondo-003-300x169.png 300w, https:\/\/nauticheck.com.ar\/wp-content\/uploads\/2023\/09\/sin-fondo-003-768x432.png 768w, https:\/\/nauticheck.com.ar\/wp-content\/uploads\/2023\/09\/sin-fondo-003-1536x864.png 1536w, https:\/\/nauticheck.com.ar\/wp-content\/uploads\/2023\/09\/sin-fondo-003.png 1920w\" sizes=\"(max-width: 554px) 100vw, 554px\" \/><\/figure><\/div><\/div>\n\n\n\n<div class=\"wp-block-column is-vertically-aligned-center is-layout-flow wp-block-column-is-layout-flow\" style=\"flex-basis:50%\">\n<div style=\"height:20px\" aria-hidden=\"true\" class=\"wp-block-spacer\"><\/div>\n\n\n\n<div class=\"wp-block-buttons is-content-justification-right is-layout-flex wp-container-22 wp-block-buttons-is-layout-flex\"><\/div>\n\n\n\n<div class=\"wp-block-group is-vertical is-layout-flex wp-container-27 wp-block-group-is-layout-flex\">\n<div class=\"wp-block-group is-vertical is-layout-flex wp-container-26 wp-block-group-is-layout-flex\">\n<h2 class=\"wp-block-heading has-text-align-left has-nv-light-bg-color has-text-color\">Nuestra Visi\u00f3n<\/h2>\n\n\n\n<div class=\"wp-block-group is-vertical is-content-justification-center is-layout-flex wp-container-25 wp-block-group-is-layout-flex\">\n<div class=\"wp-block-group is-content-justification-space-between is-nowrap is-layout-flex wp-container-24 wp-block-group-is-layout-flex\">\n<div class=\"wp-block-group is-nowrap is-layout-flex wp-container-23 wp-block-group-is-layout-flex\">\n<p class=\"has-text-align-left\">Nauticheck, Liderado por un ingeniero naval con mas de 25 a\u00f1os de experiencia, se especializa en servicios, auditor\u00eda y reparaci\u00f3n integral. Ofrecemos soluciones personalizadas para motores y cascos, tanto fuera de borda como internos, brindando confianza y seguridad a las embarcaciones  .<\/p>\n<\/div>\n<\/div>\n<\/div>\n<\/div>\n\n\n\n<p> <\/p>\n<\/div>\n<\/div>\n<\/div>\n<\/div><\/div>\n<\/div><\/div>\n\n\n\n<div class=\"wp-block-cover has-parallax\" style=\"min-height:501px\"><span aria-hidden=\"true\" class=\"wp-block-cover__background has-background-dim\"><\/span><div role=\"img\" class=\"wp-block-cover__image-background wp-image-129 has-parallax\" style=\"background-position:50% 50%;background-image:url(http:\/\/nauticheck.com.ar\/wp-content\/uploads\/2023\/08\/colin-chong-E0X2FOBkkw8-unsplash-scaled.jpg)\"><\/div><div class=\"wp-block-cover__inner-container is-layout-constrained wp-block-cover-is-layout-constrained\">\n<p class=\"has-text-align-center has-large-font-size\"><\/p>\n\n\n\n<div style=\"height:100px\" aria-hidden=\"true\" class=\"wp-block-spacer\"><\/div>\n\n\n<div class=\"wp-block-image\">\n<figure class=\"alignleft size-large is-resized\"><img decoding=\"async\" loading=\"lazy\" src=\"http:\/\/nauticheck.com.ar\/wp-content\/uploads\/2023\/08\/seguridad-1024x576.png\" alt=\"\" class=\"wp-image-176\" style=\"width:400px;height:225px\" width=\"400\" height=\"225\" srcset=\"https:\/\/nauticheck.com.ar\/wp-content\/uploads\/2023\/08\/seguridad-1024x576.png 1024w, https:\/\/nauticheck.com.ar\/wp-content\/uploads\/2023\/08\/seguridad-300x169.png 300w, https:\/\/nauticheck.com.ar\/wp-content\/uploads\/2023\/08\/seguridad-768x432.png 768w, https:\/\/nauticheck.com.ar\/wp-content\/uploads\/2023\/08\/seguridad-1536x864.png 1536w, https:\/\/nauticheck.com.ar\/wp-content\/uploads\/2023\/08\/seguridad.png 1920w\" sizes=\"(max-width: 400px) 100vw, 400px\" \/><\/figure><\/div><\/div><\/div>\n\n\n\n<div class=\"wp-block-cover\" style=\"min-height:68px\"><span aria-hidden=\"true\" class=\"wp-block-cover__background has-custom-1-background-color has-background-dim-100 has-background-dim\"><\/span><div class=\"wp-block-cover__inner-container is-layout-constrained wp-block-cover-is-layout-constrained\">\n<p class=\"has-text-align-center has-small-font-size\"><\/p>\n<\/div><\/div>\n\n\n\n<div class=\"wp-block-cover is-light has-parallax\" style=\"min-height:463px\"><span aria-hidden=\"true\" class=\"wp-block-cover__background has-background-dim\"><\/span><div role=\"img\" class=\"wp-block-cover__image-background wp-image-289 has-parallax\" style=\"background-position:50% 50%;background-image:url(https:\/\/nauticheck.com.ar\/wp-content\/uploads\/2023\/08\/puerto.jpg)\"><\/div><div class=\"wp-block-cover__inner-container is-layout-constrained wp-block-cover-is-layout-constrained\">\n<div style=\"height:249px\" aria-hidden=\"true\" class=\"wp-block-spacer\"><\/div>\n\n\n<div class=\"wp-block-image\">\n<figure class=\"alignright size-large is-resized\"><img decoding=\"async\" loading=\"lazy\" src=\"https:\/\/nauticheck.com.ar\/wp-content\/uploads\/2023\/08\/san-fernando-1024x142.png\" alt=\"\" class=\"wp-image-299\" style=\"width:441px;height:61px\" width=\"441\" height=\"61\" srcset=\"https:\/\/nauticheck.com.ar\/wp-content\/uploads\/2023\/08\/san-fernando-1024x142.png 1024w, https:\/\/nauticheck.com.ar\/wp-content\/uploads\/2023\/08\/san-fernando-300x42.png 300w, https:\/\/nauticheck.com.ar\/wp-content\/uploads\/2023\/08\/san-fernando-768x107.png 768w, https:\/\/nauticheck.com.ar\/wp-content\/uploads\/2023\/08\/san-fernando.png 1080w\" sizes=\"(max-width: 441px) 100vw, 441px\" \/><\/figure><\/div><\/div><\/div>\n\n\n<div class=\"wp-block-image\">\n<figure class=\"aligncenter size-full is-resized\"><img decoding=\"async\" loading=\"lazy\" src=\"http:\/\/nauticheck.com.ar\/wp-content\/uploads\/2023\/09\/logo-ppn.png\" alt=\"\" class=\"wp-image-524\" style=\"object-fit:cover;width:120px;height:120px\" width=\"120\" height=\"120\" srcset=\"https:\/\/nauticheck.com.ar\/wp-content\/uploads\/2023\/09\/logo-ppn.png 1000w, https:\/\/nauticheck.com.ar\/wp-content\/uploads\/2023\/09\/logo-ppn-300x300.png 300w, https:\/\/nauticheck.com.ar\/wp-content\/uploads\/2023\/09\/logo-ppn-150x150.png 150w, https:\/\/nauticheck.com.ar\/wp-content\/uploads\/2023\/09\/logo-ppn-768x768.png 768w\" sizes=\"(max-width: 120px) 100vw, 120px\" \/><\/figure><\/div>","protected":false},"excerpt":{"rendered":"","protected":false},"author":1,"featured_media":0,"parent":0,"menu_order":0,"comment_status":"closed","ping_status":"closed","template":"","meta":{"om_disable_all_campaigns":false,"neve_meta_sidebar":"","neve_meta_container":"default","neve_meta_enable_content_width":"on","neve_meta_content_width":100,"neve_meta_title_alignment":"","neve_meta_author_avatar":"","neve_post_elements_order":"","neve_meta_disable_header":"","neve_meta_disable_footer":"","neve_meta_disable_title":"on","footnotes":"","_joinchat":[]},"aioseo_notices":[],"_links":{"self":[{"href":"https:\/\/nauticheck.com.ar\/index.php?rest_route=\/wp\/v2\/pages\/15"}],"collection":[{"href":"https:\/\/nauticheck.com.ar\/index.php?rest_route=\/wp\/v2\/pages"}],"about":[{"href":"https:\/\/nauticheck.com.ar\/index.php?rest_route=\/wp\/v2\/types\/page"}],"author":[{"embeddable":true,"href":"https:\/\/nauticheck.com.ar\/index.php?rest_route=\/wp\/v2\/users\/1"}],"replies":[{"embeddable":true,"href":"https:\/\/nauticheck.com.ar\/index.php?rest_route=%2Fwp%2Fv2%2Fcomments&post=15"}],"version-history":[{"count":195,"href":"https:\/\/nauticheck.com.ar\/index.php?rest_route=\/wp\/v2\/pages\/15\/revisions"}],"predecessor-version":[{"id":738,"href":"https:\/\/nauticheck.com.ar\/index.php?rest_route=\/wp\/v2\/pages\/15\/revisions\/738"}],"wp:attachment":[{"href":"https:\/\/nauticheck.com.ar\/index.php?rest_route=%2Fwp%2Fv2%2Fmedia&parent=15"}],"curies":[{"name":"wp","href":"https:\/\/api.w.org\/{rel}","templated":true}]}}